{"id":1919,"date":"2023-01-17T17:00:56","date_gmt":"2023-01-17T17:00:56","guid":{"rendered":"https:\/\/proyectoslmac.com\/?page_id=1919"},"modified":"2023-01-17T20:22:58","modified_gmt":"2023-01-17T20:22:58","slug":"solucionsolar","status":"publish","type":"page","link":"https:\/\/proyectoslmac.com\/en\/solucionsolar\/","title":{"rendered":"Soluci\u00f3n Solar"},"content":{"rendered":"<div data-elementor-type=\"wp-page\" data-elementor-id=\"1919\" class=\"elementor elementor-1919\" data-elementor-post-type=\"page\">\n\t\t\t\t\t\t<section class=\"elementor-section elementor-top-section elementor-element elementor-element-2f3a0c06 elementor-section-boxed elementor-section-height-default elementor-section-height-default\" data-id=\"2f3a0c06\" data-element_type=\"section\" data-settings=\"{&quot;background_background&quot;:&quot;classic&quot;}\">\n\t\t\t\t\t\t\t<div class=\"elementor-background-overlay\"><\/div>\n\t\t\t\t\t\t\t<div class=\"elementor-container elementor-column-gap-no\">\n\t\t\t\t\t<div class=\"elementor-column elementor-col-100 elementor-top-column elementor-element elementor-element-1047337b\" data-id=\"1047337b\" data-element_type=\"column\">\n\t\t\t<div class=\"elementor-widget-wrap elementor-element-populated\">\n\t\t\t\t\t\t<div class=\"elementor-element elementor-element-1a78921b elementor-widget elementor-widget-heading\" data-id=\"1a78921b\" data-element_type=\"widget\" data-widget_type=\"heading.default\">\n\t\t\t\t<div class=\"elementor-widget-container\">\n\t\t\t\t\t<h1 class=\"elementor-heading-title elementor-size-default\">Soluci\u00f3n Solar<\/h1>\t\t\t\t<\/div>\n\t\t\t\t<\/div>\n\t\t\t\t<div class=\"elementor-element elementor-element-858a4ef elementor-widget elementor-widget-text-editor\" data-id=\"858a4ef\" data-element_type=\"widget\" data-widget_type=\"text-editor.default\">\n\t\t\t\t<div class=\"elementor-widget-container\">\n\t\t\t\t\t\t\t\t\t<p>Soluci\u00f3n Solar es una empresa dentro del grupo LMAC, dedicada a la venta de tecnolog\u00eda solar.<\/p>\t\t\t\t\t\t\t\t<\/div>\n\t\t\t\t<\/div>\n\t\t\t\t<div class=\"elementor-element elementor-element-1715cea elementor-align-center elementor-widget elementor-widget-button\" data-id=\"1715cea\" data-element_type=\"widget\" data-widget_type=\"button.default\">\n\t\t\t\t<div class=\"elementor-widget-container\">\n\t\t\t\t\t\t\t\t\t<div class=\"elementor-button-wrapper\">\n\t\t\t\t\t<a class=\"elementor-button elementor-button-link elementor-size-sm\" href=\"https:\/\/proyectoslmac.com\/en\/contact\/\">\n\t\t\t\t\t\t<span class=\"elementor-button-content-wrapper\">\n\t\t\t\t\t\t<span class=\"elementor-button-icon\">\n\t\t\t\t<i aria-hidden=\"true\" class=\"fas fa-angle-right\"><\/i>\t\t\t<\/span>\n\t\t\t\t\t\t\t\t\t<span class=\"elementor-button-text\">Contact<\/span>\n\t\t\t\t\t<\/span>\n\t\t\t\t\t<\/a>\n\t\t\t\t<\/div>\n\t\t\t\t\t\t\t\t<\/div>\n\t\t\t\t<\/div>\n\t\t\t\t\t<\/div>\n\t\t<\/div>\n\t\t\t\t\t<\/div>\n\t\t<\/section>\n\t\t\t\t<section class=\"elementor-section elementor-top-section elementor-element elementor-element-1022aa8d elementor-section-content-middle elementor-section-boxed elementor-section-height-default elementor-section-height-default\" data-id=\"1022aa8d\" data-element_type=\"section\" data-settings=\"{&quot;background_background&quot;:&quot;classic&quot;}\">\n\t\t\t\t\t\t\t<div class=\"elementor-background-overlay\"><\/div>\n\t\t\t\t\t\t\t<div class=\"elementor-container elementor-column-gap-no\">\n\t\t\t\t\t<div class=\"elementor-column elementor-col-50 elementor-top-column elementor-element elementor-element-6c8c3fdb\" data-id=\"6c8c3fdb\" data-element_type=\"column\" data-settings=\"{&quot;background_background&quot;:&quot;classic&quot;}\">\n\t\t\t<div class=\"elementor-widget-wrap elementor-element-populated\">\n\t\t\t\t\t<div class=\"elementor-background-overlay\"><\/div>\n\t\t\t\t\t\t<div class=\"elementor-element elementor-element-65bff495 elementor-widget elementor-widget-image\" data-id=\"65bff495\" data-element_type=\"widget\" data-widget_type=\"image.default\">\n\t\t\t\t<div class=\"elementor-widget-container\">\n\t\t\t\t\t\t\t\t\t\t\t\t\t\t\t<img fetchpriority=\"high\" decoding=\"async\" width=\"1024\" height=\"687\" src=\"https:\/\/proyectoslmac.com\/wp-content\/uploads\/2023\/01\/photovoltaic-system-solar-solar-energy-2742308-1024x687.jpg\" class=\"attachment-large size-large wp-image-1921\" alt=\"photovoltaic system, solar, solar energy-2742308.jpg\" srcset=\"https:\/\/proyectoslmac.com\/wp-content\/uploads\/2023\/01\/photovoltaic-system-solar-solar-energy-2742308-1024x687.jpg 1024w, https:\/\/proyectoslmac.com\/wp-content\/uploads\/2023\/01\/photovoltaic-system-solar-solar-energy-2742308-300x201.jpg 300w, https:\/\/proyectoslmac.com\/wp-content\/uploads\/2023\/01\/photovoltaic-system-solar-solar-energy-2742308-768x515.jpg 768w, https:\/\/proyectoslmac.com\/wp-content\/uploads\/2023\/01\/photovoltaic-system-solar-solar-energy-2742308.jpg 1280w\" sizes=\"(max-width: 1024px) 100vw, 1024px\" \/>\t\t\t\t\t\t\t\t\t\t\t\t\t\t\t<\/div>\n\t\t\t\t<\/div>\n\t\t\t\t\t<\/div>\n\t\t<\/div>\n\t\t\t\t<div class=\"elementor-column elementor-col-50 elementor-top-column elementor-element elementor-element-3f02e8b7\" data-id=\"3f02e8b7\" data-element_type=\"column\">\n\t\t\t<div class=\"elementor-widget-wrap elementor-element-populated\">\n\t\t\t\t\t\t<div class=\"elementor-element elementor-element-6fc31737 elementor-widget__width-auto elementor-widget-divider--view-line elementor-widget elementor-widget-divider\" data-id=\"6fc31737\" data-element_type=\"widget\" data-widget_type=\"divider.default\">\n\t\t\t\t<div class=\"elementor-widget-container\">\n\t\t\t\t\t\t\t<div class=\"elementor-divider\">\n\t\t\t<span class=\"elementor-divider-separator\">\n\t\t\t\t\t\t<\/span>\n\t\t<\/div>\n\t\t\t\t\t\t<\/div>\n\t\t\t\t<\/div>\n\t\t\t\t<div class=\"elementor-element elementor-element-7979ab7d elementor-widget elementor-widget-heading\" data-id=\"7979ab7d\" data-element_type=\"widget\" data-widget_type=\"heading.default\">\n\t\t\t\t<div class=\"elementor-widget-container\">\n\t\t\t\t\t<h2 class=\"elementor-heading-title elementor-size-default\">What do we offer?<\/h2>\t\t\t\t<\/div>\n\t\t\t\t<\/div>\n\t\t\t\t<div class=\"elementor-element elementor-element-45ade2b elementor-widget elementor-widget-text-editor\" data-id=\"45ade2b\" data-element_type=\"widget\" data-widget_type=\"text-editor.default\">\n\t\t\t\t<div class=\"elementor-widget-container\">\n\t\t\t\t\t\t\t\t\t<p>Ofrecemos soluciones innovadoras y sostenibles para generar energ\u00eda limpia y reducir costos en el consumo de energ\u00eda. Con m\u00e1s de a\u00f1os de experiencia en el mercado, nos enorgullecemos de brindar un servicio excepcional y productos de alta calidad a nuestros clientes. Cont\u00e1ctanos para saber c\u00f3mo podemos ayudarte a implementar la tecnolog\u00eda solar en tu negocio o hogar.<\/p>\t\t\t\t\t\t\t\t<\/div>\n\t\t\t\t<\/div>\n\t\t\t\t\t<\/div>\n\t\t<\/div>\n\t\t\t\t\t<\/div>\n\t\t<\/section>\n\t\t\t\t<section class=\"elementor-section elementor-top-section elementor-element elementor-element-4a2d143 elementor-section-content-top elementor-section-boxed elementor-section-height-default elementor-section-height-default\" data-id=\"4a2d143\" data-element_type=\"section\" data-settings=\"{&quot;background_background&quot;:&quot;classic&quot;}\">\n\t\t\t\t\t\t\t<div class=\"elementor-background-overlay\"><\/div>\n\t\t\t\t\t\t\t<div class=\"elementor-container elementor-column-gap-no\">\n\t\t\t\t\t<div class=\"elementor-column elementor-col-50 elementor-top-column elementor-element elementor-element-9df9c1b\" data-id=\"9df9c1b\" data-element_type=\"column\">\n\t\t\t<div class=\"elementor-widget-wrap elementor-element-populated\">\n\t\t\t\t\t\t<div class=\"elementor-element elementor-element-2e23d3f elementor-widget elementor-widget-heading\" data-id=\"2e23d3f\" data-element_type=\"widget\" data-widget_type=\"heading.default\">\n\t\t\t\t<div class=\"elementor-widget-container\">\n\t\t\t\t\t<h2 class=\"elementor-heading-title elementor-size-default\">Funcionamiento<\/h2>\t\t\t\t<\/div>\n\t\t\t\t<\/div>\n\t\t\t\t\t<\/div>\n\t\t<\/div>\n\t\t\t\t<div class=\"elementor-column elementor-col-50 elementor-top-column elementor-element elementor-element-79401b9\" data-id=\"79401b9\" data-element_type=\"column\">\n\t\t\t<div class=\"elementor-widget-wrap elementor-element-populated\">\n\t\t\t\t\t\t<div class=\"elementor-element elementor-element-e1a06f6 elementor-widget elementor-widget-text-editor\" data-id=\"e1a06f6\" data-element_type=\"widget\" data-widget_type=\"text-editor.default\">\n\t\t\t\t<div class=\"elementor-widget-container\">\n\t\t\t\t\t\t\t\t\t<ul class=\"list-body-items darkmysite_style_txt_border darkmysite_processed\" data-darkmysite_preserved_bg=\"rgb(255, 255, 255)\" data-darkmysite_preserved_color=\"rgb(74, 74, 74)\"><li class=\"list-body-item darkmysite_style_txt_border darkmysite_processed\" data-darkmysite_preserved_bg=\"rgb(255, 255, 255)\" data-darkmysite_preserved_color=\"rgb(74, 74, 74)\"><div class=\"list-body-item-content darkmysite_style_txt_border darkmysite_processed\" data-darkmysite_preserved_bg=\"rgb(255, 255, 255)\" data-darkmysite_preserved_color=\"rgb(74, 74, 74)\"><span class=\"darkmysite_style_txt_border darkmysite_processed\" data-darkmysite_preserved_bg=\"rgb(255, 255, 255)\" data-darkmysite_preserved_color=\"rgb(74, 74, 74)\">Los paneles solares generan energ\u00eda a trav\u00e9s de la radiaci\u00f3n solar.<\/span><\/div><\/li><li class=\"list-body-item darkmysite_style_txt_border darkmysite_processed\" data-darkmysite_preserved_bg=\"rgb(255, 255, 255)\" data-darkmysite_preserved_color=\"rgb(74, 74, 74)\"><div class=\"list-body-item-content darkmysite_style_txt_border darkmysite_processed\" data-darkmysite_preserved_bg=\"rgb(255, 255, 255)\" data-darkmysite_preserved_color=\"rgb(74, 74, 74)\"><span class=\"darkmysite_style_all darkmysite_processed\" style=\"color: var(--darkmysite_dark_mode_text_color); font-style: inherit; font-weight: inherit; background-color: #ffffff;\" data-darkmysite_preserved_bg=\"rgb(255, 255, 255)\" data-darkmysite_preserved_color=\"rgb(74, 74, 74)\">La energ\u00eda es transformada por un inversor para que pueda ser usada en toda la instalaci\u00f3n el\u00e9ctrica de tu hogar, empresa o negocio.<\/span><\/div><\/li><li class=\"list-body-item darkmysite_style_txt_border darkmysite_processed\" data-darkmysite_preserved_bg=\"rgb(255, 255, 255)\" data-darkmysite_preserved_color=\"rgb(74, 74, 74)\"><div class=\"list-body-item-content darkmysite_style_txt_border darkmysite_processed\" data-darkmysite_preserved_bg=\"rgb(255, 255, 255)\" data-darkmysite_preserved_color=\"rgb(74, 74, 74)\"><span class=\"darkmysite_style_all darkmysite_processed\" style=\"color: var(--darkmysite_dark_mode_text_color); font-style: inherit; font-weight: inherit; background-color: #ffffff;\" data-darkmysite_preserved_bg=\"rgb(255, 255, 255)\" data-darkmysite_preserved_color=\"rgb(74, 74, 74)\">La energ\u00eda excedente se env\u00eda a la red y se va acumulando a tu favor para su consumo.<\/span><\/div><\/li><li class=\"list-body-item darkmysite_style_txt_border darkmysite_processed\" data-darkmysite_preserved_bg=\"rgb(255, 255, 255)\" data-darkmysite_preserved_color=\"rgb(74, 74, 74)\"><div class=\"list-body-item-content darkmysite_style_txt_border darkmysite_processed\" data-darkmysite_preserved_bg=\"rgb(255, 255, 255)\" data-darkmysite_preserved_color=\"rgb(74, 74, 74)\"><span class=\"darkmysite_style_all darkmysite_processed\" style=\"color: var(--darkmysite_dark_mode_text_color); font-style: inherit; font-weight: inherit; background-color: #ffffff;\" data-darkmysite_preserved_bg=\"rgb(255, 255, 255)\" data-darkmysite_preserved_color=\"rgb(74, 74, 74)\">Durante la noche tu sistema solar permanece sin generaci\u00f3n y tu consumo el\u00e9ctrico es tomado de la red compens\u00e1ndose con la energ\u00eda a tu favor.<\/span><\/div><\/li><li class=\"list-body-item darkmysite_style_txt_border darkmysite_processed\" data-darkmysite_preserved_bg=\"rgb(255, 255, 255)\" data-darkmysite_preserved_color=\"rgb(74, 74, 74)\"><div class=\"list-body-item-content darkmysite_style_txt_border darkmysite_processed\" data-darkmysite_preserved_bg=\"rgb(255, 255, 255)\" data-darkmysite_preserved_color=\"rgb(74, 74, 74)\"><span class=\"darkmysite_style_all darkmysite_processed\" style=\"color: var(--darkmysite_dark_mode_text_color); font-style: inherit; font-weight: inherit; background-color: #ffffff;\" data-darkmysite_preserved_bg=\"rgb(255, 255, 255)\" data-darkmysite_preserved_color=\"rgb(74, 74, 74)\">Al finalizar tu periodo de consumo mensual\/bimestral, se realiza una conciliaci\u00f3n por parte de CFE y esta determina tu saldo a favor seg\u00fan la generaci\u00f3n y el consumo que se haya tenido.<\/span><\/div><\/li><\/ul>\t\t\t\t\t\t\t\t<\/div>\n\t\t\t\t<\/div>\n\t\t\t\t\t<\/div>\n\t\t<\/div>\n\t\t\t\t\t<\/div>\n\t\t<\/section>\n\t\t\t\t<section class=\"elementor-section elementor-top-section elementor-element elementor-element-b4h8uxc elementor-section-boxed elementor-section-height-default elementor-section-height-default\" data-id=\"b4h8uxc\" data-element_type=\"section\" data-settings=\"{&quot;background_background&quot;:&quot;classic&quot;}\">\n\t\t\t\t\t\t<div class=\"elementor-container elementor-column-gap-default\">\n\t\t\t\t\t<div class=\"elementor-column elementor-col-100 elementor-top-column elementor-element elementor-element-6dbaeeb\" data-id=\"6dbaeeb\" data-element_type=\"column\">\n\t\t\t<div class=\"elementor-widget-wrap elementor-element-populated\">\n\t\t\t\t\t\t<div class=\"elementor-element elementor-element-9c6ad29 elementor-widget elementor-widget-heading\" data-id=\"9c6ad29\" data-element_type=\"widget\" data-widget_type=\"heading.default\">\n\t\t\t\t<div class=\"elementor-widget-container\">\n\t\t\t\t\t<h2 class=\"elementor-heading-title elementor-size-default\">Beneficios<\/h2>\t\t\t\t<\/div>\n\t\t\t\t<\/div>\n\t\t\t\t<section class=\"elementor-section elementor-inner-section elementor-element elementor-element-6f63613 elementor-section-boxed elementor-section-height-default elementor-section-height-default\" data-id=\"6f63613\" data-element_type=\"section\">\n\t\t\t\t\t\t<div class=\"elementor-container elementor-column-gap-default\">\n\t\t\t\t\t<div class=\"elementor-column elementor-col-20 elementor-inner-column elementor-element elementor-element-4838897\" data-id=\"4838897\" data-element_type=\"column\">\n\t\t\t<div class=\"elementor-widget-wrap elementor-element-populated\">\n\t\t\t\t\t\t<div class=\"elementor-element elementor-element-9efef17 elementor-view-framed elementor-shape-circle elementor-position-top elementor-mobile-position-top elementor-widget elementor-widget-icon-box\" data-id=\"9efef17\" data-element_type=\"widget\" data-widget_type=\"icon-box.default\">\n\t\t\t\t<div class=\"elementor-widget-container\">\n\t\t\t\t\t\t\t<div class=\"elementor-icon-box-wrapper\">\n\n\t\t\t\t\t\t<div class=\"elementor-icon-box-icon\">\n\t\t\t\t<span  class=\"elementor-icon\">\n\t\t\t\t<i aria-hidden=\"true\" class=\"far fa-lightbulb\"><\/i>\t\t\t\t<\/span>\n\t\t\t<\/div>\n\t\t\t\n\t\t\t\t\t\t<div class=\"elementor-icon-box-content\">\n\n\t\t\t\t\t\t\t\t\t<h4 class=\"elementor-icon-box-title\">\n\t\t\t\t\t\t<span  >\n\t\t\t\t\t\t\tAhorro\t\t\t\t\t\t<\/span>\n\t\t\t\t\t<\/h4>\n\t\t\t\t\n\t\t\t\t\t\t\t\t\t<p class=\"elementor-icon-box-description\">\n\t\t\t\t\t\tPuedes ahorrar hasta un 98% en tu recibo de luz dependiendo de tu consumo.\t\t\t\t\t<\/p>\n\t\t\t\t\n\t\t\t<\/div>\n\t\t\t\n\t\t<\/div>\n\t\t\t\t\t\t<\/div>\n\t\t\t\t<\/div>\n\t\t\t\t\t<\/div>\n\t\t<\/div>\n\t\t\t\t<div class=\"elementor-column elementor-col-20 elementor-inner-column elementor-element elementor-element-b34214c\" data-id=\"b34214c\" data-element_type=\"column\">\n\t\t\t<div class=\"elementor-widget-wrap elementor-element-populated\">\n\t\t\t\t\t\t<div class=\"elementor-element elementor-element-32674ad elementor-view-framed elementor-shape-circle elementor-position-top elementor-mobile-position-top elementor-widget elementor-widget-icon-box\" data-id=\"32674ad\" data-element_type=\"widget\" data-widget_type=\"icon-box.default\">\n\t\t\t\t<div class=\"elementor-widget-container\">\n\t\t\t\t\t\t\t<div class=\"elementor-icon-box-wrapper\">\n\n\t\t\t\t\t\t<div class=\"elementor-icon-box-icon\">\n\t\t\t\t<span  class=\"elementor-icon\">\n\t\t\t\t<i aria-hidden=\"true\" class=\"far fa-money-bill-alt\"><\/i>\t\t\t\t<\/span>\n\t\t\t<\/div>\n\t\t\t\n\t\t\t\t\t\t<div class=\"elementor-icon-box-content\">\n\n\t\t\t\t\t\t\t\t\t<h4 class=\"elementor-icon-box-title\">\n\t\t\t\t\t\t<span  >\n\t\t\t\t\t\t\tInversi\u00f3n\t\t\t\t\t\t<\/span>\n\t\t\t\t\t<\/h4>\n\t\t\t\t\n\t\t\t\t\t\t\t\t\t<p class=\"elementor-icon-box-description\">\n\t\t\t\t\t\tDependiendo del plan de financiamiento que elijas, puedes terminar de pagar tu sistema en un plazo atractivo.\t\t\t\t\t<\/p>\n\t\t\t\t\n\t\t\t<\/div>\n\t\t\t\n\t\t<\/div>\n\t\t\t\t\t\t<\/div>\n\t\t\t\t<\/div>\n\t\t\t\t\t<\/div>\n\t\t<\/div>\n\t\t\t\t<div class=\"elementor-column elementor-col-20 elementor-inner-column elementor-element elementor-element-fcfe68a\" data-id=\"fcfe68a\" data-element_type=\"column\">\n\t\t\t<div class=\"elementor-widget-wrap elementor-element-populated\">\n\t\t\t\t\t\t<div class=\"elementor-element elementor-element-83e7bf8 elementor-view-framed elementor-shape-circle elementor-position-top elementor-mobile-position-top elementor-widget elementor-widget-icon-box\" data-id=\"83e7bf8\" data-element_type=\"widget\" data-widget_type=\"icon-box.default\">\n\t\t\t\t<div class=\"elementor-widget-container\">\n\t\t\t\t\t\t\t<div class=\"elementor-icon-box-wrapper\">\n\n\t\t\t\t\t\t<div class=\"elementor-icon-box-icon\">\n\t\t\t\t<span  class=\"elementor-icon\">\n\t\t\t\t<i aria-hidden=\"true\" class=\"fas fa-truck\"><\/i>\t\t\t\t<\/span>\n\t\t\t<\/div>\n\t\t\t\n\t\t\t\t\t\t<div class=\"elementor-icon-box-content\">\n\n\t\t\t\t\t\t\t\t\t<h4 class=\"elementor-icon-box-title\">\n\t\t\t\t\t\t<span  >\n\t\t\t\t\t\t\tMovilidad\t\t\t\t\t\t<\/span>\n\t\t\t\t\t<\/h4>\n\t\t\t\t\n\t\t\t\t\t\t\t\t\t<p class=\"elementor-icon-box-description\">\n\t\t\t\t\t\tSi te cambias de casa, tus paneles no se tienen que quedar, \u00a1Ll\u00e9valos contigo!\t\t\t\t\t<\/p>\n\t\t\t\t\n\t\t\t<\/div>\n\t\t\t\n\t\t<\/div>\n\t\t\t\t\t\t<\/div>\n\t\t\t\t<\/div>\n\t\t\t\t\t<\/div>\n\t\t<\/div>\n\t\t\t\t<div class=\"elementor-column elementor-col-20 elementor-inner-column elementor-element elementor-element-6be8c47\" data-id=\"6be8c47\" data-element_type=\"column\">\n\t\t\t<div class=\"elementor-widget-wrap elementor-element-populated\">\n\t\t\t\t\t\t<div class=\"elementor-element elementor-element-864f87e elementor-view-framed elementor-shape-circle elementor-position-top elementor-mobile-position-top elementor-widget elementor-widget-icon-box\" data-id=\"864f87e\" data-element_type=\"widget\" data-widget_type=\"icon-box.default\">\n\t\t\t\t<div class=\"elementor-widget-container\">\n\t\t\t\t\t\t\t<div class=\"elementor-icon-box-wrapper\">\n\n\t\t\t\t\t\t<div class=\"elementor-icon-box-icon\">\n\t\t\t\t<span  class=\"elementor-icon\">\n\t\t\t\t<i aria-hidden=\"true\" class=\"fas fa-home\"><\/i>\t\t\t\t<\/span>\n\t\t\t<\/div>\n\t\t\t\n\t\t\t\t\t\t<div class=\"elementor-icon-box-content\">\n\n\t\t\t\t\t\t\t\t\t<h4 class=\"elementor-icon-box-title\">\n\t\t\t\t\t\t<span  >\n\t\t\t\t\t\t\tPlusval\u00eda\t\t\t\t\t\t<\/span>\n\t\t\t\t\t<\/h4>\n\t\t\t\t\n\t\t\t\t\t\t\t\t\t<p class=\"elementor-icon-box-description\">\n\t\t\t\t\t\tLos paneles solares hacen que tu casa tenga m\u00e1s valor.\t\t\t\t\t<\/p>\n\t\t\t\t\n\t\t\t<\/div>\n\t\t\t\n\t\t<\/div>\n\t\t\t\t\t\t<\/div>\n\t\t\t\t<\/div>\n\t\t\t\t\t<\/div>\n\t\t<\/div>\n\t\t\t\t<div class=\"elementor-column elementor-col-20 elementor-inner-column elementor-element elementor-element-74166d0\" data-id=\"74166d0\" data-element_type=\"column\">\n\t\t\t<div class=\"elementor-widget-wrap elementor-element-populated\">\n\t\t\t\t\t\t<div class=\"elementor-element elementor-element-d5d6b5e elementor-view-framed elementor-shape-circle elementor-position-top elementor-mobile-position-top elementor-widget elementor-widget-icon-box\" data-id=\"d5d6b5e\" data-element_type=\"widget\" data-widget_type=\"icon-box.default\">\n\t\t\t\t<div class=\"elementor-widget-container\">\n\t\t\t\t\t\t\t<div class=\"elementor-icon-box-wrapper\">\n\n\t\t\t\t\t\t<div class=\"elementor-icon-box-icon\">\n\t\t\t\t<span  class=\"elementor-icon\">\n\t\t\t\t<i aria-hidden=\"true\" class=\"fas fa-volume-mute\"><\/i>\t\t\t\t<\/span>\n\t\t\t<\/div>\n\t\t\t\n\t\t\t\t\t\t<div class=\"elementor-icon-box-content\">\n\n\t\t\t\t\t\t\t\t\t<h4 class=\"elementor-icon-box-title\">\n\t\t\t\t\t\t<span  >\n\t\t\t\t\t\t\tSilencioso\t\t\t\t\t\t<\/span>\n\t\t\t\t\t<\/h4>\n\t\t\t\t\n\t\t\t\t\t\t\t\t\t<p class=\"elementor-icon-box-description\">\n\t\t\t\t\t\tLas celdas solares no hacen ruido por lo que no estorbar\u00e1n a tu familia ni a tus vecinos.\t\t\t\t\t<\/p>\n\t\t\t\t\n\t\t\t<\/div>\n\t\t\t\n\t\t<\/div>\n\t\t\t\t\t\t<\/div>\n\t\t\t\t<\/div>\n\t\t\t\t\t<\/div>\n\t\t<\/div>\n\t\t\t\t\t<\/div>\n\t\t<\/section>\n\t\t\t\t\t<\/div>\n\t\t<\/div>\n\t\t\t\t\t<\/div>\n\t\t<\/section>\n\t\t\t\t<\/div>","protected":false},"excerpt":{"rendered":"<p>Soluci\u00f3n Solar Soluci\u00f3n Solar es una empresa dentro del grupo LMAC, dedicada a la venta de tecnolog\u00eda solar. Contacto \u00bfQu\u00e9 ofrecemos? Ofrecemos soluciones innovadoras y sostenibles para generar energ\u00eda limpia y reducir costos en el consumo de energ\u00eda. Con m\u00e1s de a\u00f1os de experiencia en el mercado, nos enorgullecemos de brindar un servicio excepcional y [&hellip;]<\/p>","protected":false},"author":2,"featured_media":0,"parent":0,"menu_order":0,"comment_status":"closed","ping_status":"closed","template":"","meta":{"site-sidebar-layout":"no-sidebar","site-content-layout":"page-builder","ast-site-content-layout":"","site-content-style":"default","site-sidebar-style":"default","ast-global-header-display":"","ast-banner-title-visibility":"","ast-main-header-display":"","ast-hfb-above-header-display":"","ast-hfb-below-header-display":"","ast-hfb-mobile-header-display":"","site-post-title":"disabled","ast-breadcrumbs-content":"","ast-featured-img":"disabled","footer-sml-layout":"","theme-transparent-header-meta":"enabled","adv-header-id-meta":"","stick-header-meta":"","header-above-stick-meta":"","header-main-stick-meta":"","header-below-stick-meta":"","astra-migrate-meta-layouts":"default","ast-page-background-enabled":"default","ast-page-background-meta":{"desktop":{"background-color":"","background-image":"","background-repeat":"repeat","background-position":"center center","background-size":"auto","background-attachment":"scroll","background-type":"","background-media":"","overlay-type":"","overlay-color":"","overlay-gradient":""},"tablet":{"background-color":"","background-image":"","background-repeat":"repeat","background-position":"center center","background-size":"auto","background-attachment":"scroll","background-type":"","background-media":"","overlay-type":"","overlay-color":"","overlay-gradient":""},"mobile":{"background-color":"","background-image":"","background-repeat":"repeat","background-position":"center center","background-size":"auto","background-attachment":"scroll","background-type":"","background-media":"","overlay-type":"","overlay-color":"","overlay-gradient":""}},"ast-content-background-meta":{"desktop":{"background-color":"var(--ast-global-color-5)","background-image":"","background-repeat":"repeat","background-position":"center center","background-size":"auto","background-attachment":"scroll","background-type":"","background-media":"","overlay-type":"","overlay-color":"","overlay-gradient":""},"tablet":{"background-color":"var(--ast-global-color-5)","background-image":"","background-repeat":"repeat","background-position":"center center","background-size":"auto","background-attachment":"scroll","background-type":"","background-media":"","overlay-type":"","overlay-color":"","overlay-gradient":""},"mobile":{"background-color":"var(--ast-global-color-5)","background-image":"","background-repeat":"repeat","background-position":"center center","background-size":"auto","background-attachment":"scroll","background-type":"","background-media":"","overlay-type":"","overlay-color":"","overlay-gradient":""}},"footnotes":""},"class_list":["post-1919","page","type-page","status-publish","hentry"],"_links":{"self":[{"href":"https:\/\/proyectoslmac.com\/en\/wp-json\/wp\/v2\/pages\/1919","targetHints":{"allow":["GET"]}}],"collection":[{"href":"https:\/\/proyectoslmac.com\/en\/wp-json\/wp\/v2\/pages"}],"about":[{"href":"https:\/\/proyectoslmac.com\/en\/wp-json\/wp\/v2\/types\/page"}],"author":[{"embeddable":true,"href":"https:\/\/proyectoslmac.com\/en\/wp-json\/wp\/v2\/users\/2"}],"replies":[{"embeddable":true,"href":"https:\/\/proyectoslmac.com\/en\/wp-json\/wp\/v2\/comments?post=1919"}],"version-history":[{"count":91,"href":"https:\/\/proyectoslmac.com\/en\/wp-json\/wp\/v2\/pages\/1919\/revisions"}],"predecessor-version":[{"id":2024,"href":"https:\/\/proyectoslmac.com\/en\/wp-json\/wp\/v2\/pages\/1919\/revisions\/2024"}],"wp:attachment":[{"href":"https:\/\/proyectoslmac.com\/en\/wp-json\/wp\/v2\/media?parent=1919"}],"curies":[{"name":"wp","href":"https:\/\/api.w.org\/{rel}","templated":true}]}}